{"id":99,"date":"2022-02-05T14:11:08","date_gmt":"2022-02-05T14:11:08","guid":{"rendered":"https:\/\/rettungshundestaffel-dingolfing.de\/?page_id=99"},"modified":"2025-01-18T00:42:30","modified_gmt":"2025-01-18T00:42:30","slug":"voraussetzungen-hundefuehrer","status":"publish","type":"page","link":"https:\/\/rettungshundestaffel-dingolfing.de\/?page_id=99","title":{"rendered":"Voraussetzungen Hundef\u00fchrer"},"content":{"rendered":"\n<ul class=\"wp-block-list\">\n<li>Viel Freizeit<\/li>\n\n\n\n<li>Gute Kondition<\/li>\n\n\n\n<li>Belastbarkeit <\/li>\n\n\n\n<li>Teamf\u00e4higkeit<\/li>\n\n\n\n<li>Regelm\u00e4\u00dfiges Training &#8211; zweimal w\u00f6chentlich<\/li>\n\n\n\n<li>Einsatzbereitschaft<\/li>\n<\/ul>\n","protected":false},"excerpt":{"rendered":"","protected":false},"author":1,"featured_media":0,"parent":0,"menu_order":0,"comment_status":"closed","ping_status":"closed","template":"","meta":{"footnotes":""},"class_list":["post-99","page","type-page","status-publish","hentry"],"_links":{"self":[{"href":"https:\/\/rettungshundestaffel-dingolfing.de\/index.php?rest_route=\/wp\/v2\/pages\/99","targetHints":{"allow":["GET"]}}],"collection":[{"href":"https:\/\/rettungshundestaffel-dingolfing.de\/index.php?rest_route=\/wp\/v2\/pages"}],"about":[{"href":"https:\/\/rettungshundestaffel-dingolfing.de\/index.php?rest_route=\/wp\/v2\/types\/page"}],"author":[{"embeddable":true,"href":"https:\/\/rettungshundestaffel-dingolfing.de\/index.php?rest_route=\/wp\/v2\/users\/1"}],"replies":[{"embeddable":true,"href":"https:\/\/rettungshundestaffel-dingolfing.de\/index.php?rest_route=%2Fwp%2Fv2%2Fcomments&post=99"}],"version-history":[{"count":6,"href":"https:\/\/rettungshundestaffel-dingolfing.de\/index.php?rest_route=\/wp\/v2\/pages\/99\/revisions"}],"predecessor-version":[{"id":604,"href":"https:\/\/rettungshundestaffel-dingolfing.de\/index.php?rest_route=\/wp\/v2\/pages\/99\/revisions\/604"}],"wp:attachment":[{"href":"https:\/\/rettungshundestaffel-dingolfing.de\/index.php?rest_route=%2Fwp%2Fv2%2Fmedia&parent=99"}],"curies":[{"name":"wp","href":"https:\/\/api.w.org\/{rel}","templated":true}]}}