{"id":93,"date":"2022-02-05T13:56:54","date_gmt":"2022-02-05T13:56:54","guid":{"rendered":"https:\/\/rettungshundestaffel-dingolfing.de\/?page_id=93"},"modified":"2022-02-08T07:33:23","modified_gmt":"2022-02-08T07:33:23","slug":"voraussetzungen-hund","status":"publish","type":"page","link":"https:\/\/rettungshundestaffel-dingolfing.de\/?page_id=93","title":{"rendered":"Voraussetzungen Hund"},"content":{"rendered":"\n<ul class=\"wp-block-list\"><li>Nicht \u00e4lter als drei Jahre<\/li><li>Offenes, unbefangenes Wesen <\/li><li>Mittlere Gr\u00f6\u00dfe &#8211; weder zu klein noch zu gro\u00df &#8211;<\/li><li>Freundlichkeit gegen\u00fcber Menschen und Artgenossen<\/li><li>Belastbarkeit<\/li><\/ul>\n\n\n\n<p> <\/p>\n","protected":false},"excerpt":{"rendered":"<p>Nicht \u00e4lter als drei Jahre Offenes, unbefangenes Wesen Mittlere Gr\u00f6\u00dfe &#8211; weder zu klein noch zu gro\u00df &#8211; Freundlichkeit gegen\u00fcber Menschen und Artgenossen Belastbarkeit<\/p>\n","protected":false},"author":1,"featured_media":0,"parent":0,"menu_order":0,"comment_status":"closed","ping_status":"closed","template":"","meta":{"footnotes":""},"class_list":["post-93","page","type-page","status-publish","hentry"],"_links":{"self":[{"href":"https:\/\/rettungshundestaffel-dingolfing.de\/index.php?rest_route=\/wp\/v2\/pages\/93","targetHints":{"allow":["GET"]}}],"collection":[{"href":"https:\/\/rettungshundestaffel-dingolfing.de\/index.php?rest_route=\/wp\/v2\/pages"}],"about":[{"href":"https:\/\/rettungshundestaffel-dingolfing.de\/index.php?rest_route=\/wp\/v2\/types\/page"}],"author":[{"embeddable":true,"href":"https:\/\/rettungshundestaffel-dingolfing.de\/index.php?rest_route=\/wp\/v2\/users\/1"}],"replies":[{"embeddable":true,"href":"https:\/\/rettungshundestaffel-dingolfing.de\/index.php?rest_route=%2Fwp%2Fv2%2Fcomments&post=93"}],"version-history":[{"count":6,"href":"https:\/\/rettungshundestaffel-dingolfing.de\/index.php?rest_route=\/wp\/v2\/pages\/93\/revisions"}],"predecessor-version":[{"id":263,"href":"https:\/\/rettungshundestaffel-dingolfing.de\/index.php?rest_route=\/wp\/v2\/pages\/93\/revisions\/263"}],"wp:attachment":[{"href":"https:\/\/rettungshundestaffel-dingolfing.de\/index.php?rest_route=%2Fwp%2Fv2%2Fmedia&parent=93"}],"curies":[{"name":"wp","href":"https:\/\/api.w.org\/{rel}","templated":true}]}}