{"id":84,"date":"2022-02-05T13:00:35","date_gmt":"2022-02-05T13:00:35","guid":{"rendered":"https:\/\/rettungshundestaffel-dingolfing.de\/?page_id=84"},"modified":"2025-01-18T00:48:07","modified_gmt":"2025-01-18T00:48:07","slug":"platz","status":"publish","type":"page","link":"https:\/\/rettungshundestaffel-dingolfing.de\/?page_id=84","title":{"rendered":"Platz"},"content":{"rendered":"\n<p class=\"has-text-align-center\">Unser Areal ist vollst\u00e4ndig eingez\u00e4unt, besitzt Flutlicht und eine kleine H\u00fctte. Der Hundeplatz befindet sich neben dem Dingolfinger Flugplatz.<\/p>\n\n\n\n<figure class=\"wp-block-gallery alignwide has-nested-images columns-default is-cropped wp-block-gallery-1 is-layout-flex wp-block-gallery-is-layout-flex\">\n<figure class=\"wp-block-image size-large\"><img loading=\"lazy\" decoding=\"async\" width=\"1024\" height=\"768\" data-id=\"380\" src=\"https:\/\/rettungshundestaffel-dingolfing.de\/wp-content\/uploads\/2025\/01\/IMG-20230907-WA0000-1024x768.jpg\" alt=\"\" class=\"wp-image-380\" srcset=\"https:\/\/rettungshundestaffel-dingolfing.de\/wp-content\/uploads\/2025\/01\/IMG-20230907-WA0000-1024x768.jpg 1024w, https:\/\/rettungshundestaffel-dingolfing.de\/wp-content\/uploads\/2025\/01\/IMG-20230907-WA0000-300x225.jpg 300w, https:\/\/rettungshundestaffel-dingolfing.de\/wp-content\/uploads\/2025\/01\/IMG-20230907-WA0000-768x576.jpg 768w, https:\/\/rettungshundestaffel-dingolfing.de\/wp-content\/uploads\/2025\/01\/IMG-20230907-WA0000-1536x1152.jpg 1536w, https:\/\/rettungshundestaffel-dingolfing.de\/wp-content\/uploads\/2025\/01\/IMG-20230907-WA0000.jpg 2048w\" sizes=\"auto, (max-width: 1024px) 100vw, 1024px\" \/><\/figure>\n\n\n\n<figure class=\"wp-block-image size-large\"><img loading=\"lazy\" decoding=\"async\" width=\"1024\" height=\"768\" data-id=\"117\" src=\"https:\/\/rettungshundestaffel-dingolfing.de\/wp-content\/uploads\/2022\/02\/20210603_135512-1024x768.jpg\" alt=\"\" class=\"wp-image-117\" srcset=\"https:\/\/rettungshundestaffel-dingolfing.de\/wp-content\/uploads\/2022\/02\/20210603_135512-1024x768.jpg 1024w, https:\/\/rettungshundestaffel-dingolfing.de\/wp-content\/uploads\/2022\/02\/20210603_135512-300x225.jpg 300w, https:\/\/rettungshundestaffel-dingolfing.de\/wp-content\/uploads\/2022\/02\/20210603_135512-768x576.jpg 768w, https:\/\/rettungshundestaffel-dingolfing.de\/wp-content\/uploads\/2022\/02\/20210603_135512-1536x1152.jpg 1536w, https:\/\/rettungshundestaffel-dingolfing.de\/wp-content\/uploads\/2022\/02\/20210603_135512-2048x1536.jpg 2048w, https:\/\/rettungshundestaffel-dingolfing.de\/wp-content\/uploads\/2022\/02\/20210603_135512-1200x900.jpg 1200w, https:\/\/rettungshundestaffel-dingolfing.de\/wp-content\/uploads\/2022\/02\/20210603_135512-1980x1485.jpg 1980w\" sizes=\"auto, (max-width: 1024px) 100vw, 1024px\" \/><\/figure>\n<\/figure>\n\n\n\n<p><\/p>\n","protected":false},"excerpt":{"rendered":"<p>Unser Areal ist vollst\u00e4ndig eingez\u00e4unt, besitzt Flutlicht und eine kleine H\u00fctte. Der Hundeplatz befindet sich neben dem Dingolfinger Flugplatz.<\/p>\n","protected":false},"author":1,"featured_media":0,"parent":0,"menu_order":0,"comment_status":"closed","ping_status":"closed","template":"","meta":{"footnotes":""},"class_list":["post-84","page","type-page","status-publish","hentry"],"_links":{"self":[{"href":"https:\/\/rettungshundestaffel-dingolfing.de\/index.php?rest_route=\/wp\/v2\/pages\/84","targetHints":{"allow":["GET"]}}],"collection":[{"href":"https:\/\/rettungshundestaffel-dingolfing.de\/index.php?rest_route=\/wp\/v2\/pages"}],"about":[{"href":"https:\/\/rettungshundestaffel-dingolfing.de\/index.php?rest_route=\/wp\/v2\/types\/page"}],"author":[{"embeddable":true,"href":"https:\/\/rettungshundestaffel-dingolfing.de\/index.php?rest_route=\/wp\/v2\/users\/1"}],"replies":[{"embeddable":true,"href":"https:\/\/rettungshundestaffel-dingolfing.de\/index.php?rest_route=%2Fwp%2Fv2%2Fcomments&post=84"}],"version-history":[{"count":11,"href":"https:\/\/rettungshundestaffel-dingolfing.de\/index.php?rest_route=\/wp\/v2\/pages\/84\/revisions"}],"predecessor-version":[{"id":607,"href":"https:\/\/rettungshundestaffel-dingolfing.de\/index.php?rest_route=\/wp\/v2\/pages\/84\/revisions\/607"}],"wp:attachment":[{"href":"https:\/\/rettungshundestaffel-dingolfing.de\/index.php?rest_route=%2Fwp%2Fv2%2Fmedia&parent=84"}],"curies":[{"name":"wp","href":"https:\/\/api.w.org\/{rel}","templated":true}]}}