{"id":8,"date":"2022-02-04T10:06:50","date_gmt":"2022-02-04T10:06:50","guid":{"rendered":"https:\/\/rettungshundestaffel-dingolfing.de\/?page_id=8"},"modified":"2025-12-27T12:11:33","modified_gmt":"2025-12-27T12:11:33","slug":"startseite","status":"publish","type":"page","link":"https:\/\/rettungshundestaffel-dingolfing.de\/","title":{"rendered":"Startseite"},"content":{"rendered":"\n<figure class=\"wp-block-image alignfull size-large\"><img loading=\"lazy\" decoding=\"async\" width=\"1600\" height=\"900\" src=\"https:\/\/rettungshundestaffel-dingolfing.de\/wp-content\/uploads\/2025\/12\/IMG-20251213-WA00681-edited-1.jpg\" alt=\"\" class=\"wp-image-778\" srcset=\"https:\/\/rettungshundestaffel-dingolfing.de\/wp-content\/uploads\/2025\/12\/IMG-20251213-WA00681-edited-1.jpg 1600w, https:\/\/rettungshundestaffel-dingolfing.de\/wp-content\/uploads\/2025\/12\/IMG-20251213-WA00681-edited-1-300x169.jpg 300w, https:\/\/rettungshundestaffel-dingolfing.de\/wp-content\/uploads\/2025\/12\/IMG-20251213-WA00681-edited-1-1024x576.jpg 1024w, https:\/\/rettungshundestaffel-dingolfing.de\/wp-content\/uploads\/2025\/12\/IMG-20251213-WA00681-edited-1-768x432.jpg 768w, https:\/\/rettungshundestaffel-dingolfing.de\/wp-content\/uploads\/2025\/12\/IMG-20251213-WA00681-edited-1-1536x864.jpg 1536w\" sizes=\"auto, (max-width: 1600px) 100vw, 1600px\" \/><\/figure>\n\n\n\n<div class=\"wp-block-cover alignfull\"><img loading=\"lazy\" decoding=\"async\" width=\"428\" height=\"241\" class=\"wp-block-cover__image-background wp-image-751\" alt=\"\" src=\"https:\/\/rettungshundestaffel-dingolfing.de\/wp-content\/uploads\/2025\/12\/IMG-20240319-WA0002-edited.jpg\" style=\"object-position:51% 50%\" data-object-fit=\"cover\" data-object-position=\"51% 50%\" srcset=\"https:\/\/rettungshundestaffel-dingolfing.de\/wp-content\/uploads\/2025\/12\/IMG-20240319-WA0002-edited.jpg 428w, https:\/\/rettungshundestaffel-dingolfing.de\/wp-content\/uploads\/2025\/12\/IMG-20240319-WA0002-edited-300x169.jpg 300w\" sizes=\"auto, (max-width: 428px) 100vw, 428px\" \/><span aria-hidden=\"true\" class=\"wp-block-cover__background has-background-dim-30 has-background-dim\"><\/span><div class=\"wp-block-cover__inner-container is-layout-flow wp-block-cover-is-layout-flow\">\n<p class=\"has-text-align-center\" style=\"font-size:clamp(21.536px, 1.346rem + ((1vw - 3.2px) * 1.402), 35px);\">Die Alarmierung erfolgt \u00fcber die integrierte Leitstelle Landshut: Notruf 112<\/p>\n\n\n\n<p class=\"has-text-align-center\" style=\"font-size:clamp(15.197px, 0.95rem + ((1vw - 3.2px) * 0.813), 23px);\">Unsere Aufgaben sind verletzte oder vermisste Personen zu finden und dann die Erstversorgung zu \u00fcbernehmen!<\/p>\n\n\n\n<p class=\"has-text-align-center\" style=\"font-size:clamp(15.197px, 0.95rem + ((1vw - 3.2px) * 0.813), 23px);\">Die von uns eingesetzten Fl\u00e4chensuchhunde k\u00f6nnen in relativ kurzer Zeit gro\u00dfe Gebiete abarbeiten. Sie suchen nach menschlichem Geruch allgemein und unterst\u00fctzen so die Einsatzkr\u00e4fte bei der Suche.<\/p>\n\n\n\n<p class=\"has-text-align-center\" style=\"font-size:clamp(15.197px, 0.95rem + ((1vw - 3.2px) * 0.813), 23px);\">Der Mantrailer bekommt, an der letzten bekannten Stelle der vermissten Person, deren spezifischen Geruch und verfolgt ausschlie\u00dflich die Spur dieser Person. Auch viele Stunden sp\u00e4ter ist das noch m\u00f6glich.<\/p>\n\n\n\n<p class=\"has-text-align-center\" style=\"font-size:clamp(15.747px, 0.984rem + ((1vw - 3.2px) * 0.86), 24px);\">Im Einsatz erg\u00e4nzen sich dadurch Mantrailing und Fl\u00e4chensuche perfekt!<\/p>\n<\/div><\/div>\n\n\n\n<p><\/p>\n","protected":false},"excerpt":{"rendered":"","protected":false},"author":1,"featured_media":21,"parent":0,"menu_order":1,"comment_status":"closed","ping_status":"closed","template":"","meta":{"footnotes":""},"class_list":["post-8","page","type-page","status-publish","has-post-thumbnail","hentry"],"_links":{"self":[{"href":"https:\/\/rettungshundestaffel-dingolfing.de\/index.php?rest_route=\/wp\/v2\/pages\/8","targetHints":{"allow":["GET"]}}],"collection":[{"href":"https:\/\/rettungshundestaffel-dingolfing.de\/index.php?rest_route=\/wp\/v2\/pages"}],"about":[{"href":"https:\/\/rettungshundestaffel-dingolfing.de\/index.php?rest_route=\/wp\/v2\/types\/page"}],"author":[{"embeddable":true,"href":"https:\/\/rettungshundestaffel-dingolfing.de\/index.php?rest_route=\/wp\/v2\/users\/1"}],"replies":[{"embeddable":true,"href":"https:\/\/rettungshundestaffel-dingolfing.de\/index.php?rest_route=%2Fwp%2Fv2%2Fcomments&post=8"}],"version-history":[{"count":42,"href":"https:\/\/rettungshundestaffel-dingolfing.de\/index.php?rest_route=\/wp\/v2\/pages\/8\/revisions"}],"predecessor-version":[{"id":811,"href":"https:\/\/rettungshundestaffel-dingolfing.de\/index.php?rest_route=\/wp\/v2\/pages\/8\/revisions\/811"}],"wp:featuredmedia":[{"embeddable":true,"href":"https:\/\/rettungshundestaffel-dingolfing.de\/index.php?rest_route=\/wp\/v2\/media\/21"}],"wp:attachment":[{"href":"https:\/\/rettungshundestaffel-dingolfing.de\/index.php?rest_route=%2Fwp%2Fv2%2Fmedia&parent=8"}],"curies":[{"name":"wp","href":"https:\/\/api.w.org\/{rel}","templated":true}]}}