{"id":626,"date":"2025-01-18T11:35:36","date_gmt":"2025-01-18T11:35:36","guid":{"rendered":"https:\/\/rettungshundestaffel-dingolfing.de\/?page_id=626"},"modified":"2025-05-01T09:01:47","modified_gmt":"2025-05-01T09:01:47","slug":"spenden-und-hilfe","status":"publish","type":"page","link":"https:\/\/rettungshundestaffel-dingolfing.de\/?page_id=626","title":{"rendered":"Spenden und Hilfe"},"content":{"rendered":"\n<p class=\"has-large-font-size\" style=\"font-style:normal;font-weight:500\">Spenden Sie und helfen Sie uns Helfen.<\/p>\n\n\n\n<p>Die BRK Rettungshundestaffel hilft vermissten Menschen!<\/p>\n\n\n\n<p><strong>Doch auch wir ben\u00f6tigen Ihrer Hilfe um unsere Eins\u00e4tze sicherzustellen.<\/strong> <\/p>\n\n\n\n<p>Sie k\u00f6nnen uns mit Trainingsgebieten oder auch als Trainingshelfer unterst\u00fctzen. <\/p>\n\n\n\n<p>Da wir Ehrenamtlich arbeiten sind wir aber auch auf finanzielle Unterst\u00fctzung angewiesen! <\/p>\n\n\n\n<p>Vielen Dank f\u00fcr Ihre Unterst\u00fctzung!&nbsp;&nbsp;<\/p>\n\n\n\n<p class=\"has-large-font-size\"><strong>Unsere Bankverbindung<\/strong><\/p>\n\n\n\n<p>BRK-Kreisverband Dingolfing-Landau<\/p>\n\n\n\n<p>Konto: Sparkasse Niederbayern Mitte<\/p>\n\n\n\n<p style=\"font-size:clamp(1.039rem, 1.039rem + ((1vw - 0.2rem) * 0.935), 1.6rem);\">IBAN: DE62 7425 0000 0100 0017 83<\/p>\n\n\n\n<p class=\"has-text-color has-link-color wp-elements-fd4ac131b9a89abd1cc8f2b318156358\" style=\"color:#d93d3d;font-size:clamp(1.453rem, 1.453rem + ((1vw - 0.2rem) * 1.578), 2.4rem);font-style:normal;font-weight:700\">Bitte Angeben:<\/p>\n\n\n\n<p class=\"has-text-color has-link-color wp-elements-ecda06814c38c295aee8f910239da84c\" style=\"color:#d93d3d;font-size:clamp(0.929rem, 0.929rem + ((1vw - 0.2rem) * 0.785), 1.4rem);font-style:italic;font-weight:700\">zweckgebunden Spende:  &#8222;BRK-Rettungshundestaffel&#8220;<\/p>\n\n\n\n<p><\/p>\n\n\n\n<p class=\"has-large-font-size\">Bitte beachten Sie: F\u00fcr Spenden bis 300 Euro gilt der Kontoauszug zur Vorlage beim Finanzamt.<\/p>\n","protected":false},"excerpt":{"rendered":"<p>Spenden Sie und helfen Sie uns Helfen. Die BRK Rettungshundestaffel hilft vermissten Menschen! Doch auch wir ben\u00f6tigen Ihrer Hilfe um unsere Eins\u00e4tze sicherzustellen. Sie k\u00f6nnen uns mit Trainingsgebieten oder auch als Trainingshelfer unterst\u00fctzen. Da wir Ehrenamtlich arbeiten sind wir aber auch auf finanzielle Unterst\u00fctzung angewiesen! Vielen Dank f\u00fcr Ihre Unterst\u00fctzung!&nbsp;&nbsp; Unsere Bankverbindung BRK-Kreisverband Dingolfing-Landau Konto: [&hellip;]<\/p>\n","protected":false},"author":4,"featured_media":0,"parent":0,"menu_order":0,"comment_status":"closed","ping_status":"closed","template":"","meta":{"footnotes":""},"class_list":["post-626","page","type-page","status-publish","hentry"],"_links":{"self":[{"href":"https:\/\/rettungshundestaffel-dingolfing.de\/index.php?rest_route=\/wp\/v2\/pages\/626","targetHints":{"allow":["GET"]}}],"collection":[{"href":"https:\/\/rettungshundestaffel-dingolfing.de\/index.php?rest_route=\/wp\/v2\/pages"}],"about":[{"href":"https:\/\/rettungshundestaffel-dingolfing.de\/index.php?rest_route=\/wp\/v2\/types\/page"}],"author":[{"embeddable":true,"href":"https:\/\/rettungshundestaffel-dingolfing.de\/index.php?rest_route=\/wp\/v2\/users\/4"}],"replies":[{"embeddable":true,"href":"https:\/\/rettungshundestaffel-dingolfing.de\/index.php?rest_route=%2Fwp%2Fv2%2Fcomments&post=626"}],"version-history":[{"count":4,"href":"https:\/\/rettungshundestaffel-dingolfing.de\/index.php?rest_route=\/wp\/v2\/pages\/626\/revisions"}],"predecessor-version":[{"id":717,"href":"https:\/\/rettungshundestaffel-dingolfing.de\/index.php?rest_route=\/wp\/v2\/pages\/626\/revisions\/717"}],"wp:attachment":[{"href":"https:\/\/rettungshundestaffel-dingolfing.de\/index.php?rest_route=%2Fwp%2Fv2%2Fmedia&parent=626"}],"curies":[{"name":"wp","href":"https:\/\/api.w.org\/{rel}","templated":true}]}}