{"id":287,"date":"2025-01-13T15:20:27","date_gmt":"2025-01-13T15:20:27","guid":{"rendered":"https:\/\/rettungshundestaffel-dingolfing.de\/?page_id=287"},"modified":"2025-01-13T15:22:09","modified_gmt":"2025-01-13T15:22:09","slug":"impressum","status":"publish","type":"page","link":"https:\/\/rettungshundestaffel-dingolfing.de\/?page_id=287","title":{"rendered":"Impressum"},"content":{"rendered":"\n<h3 class=\"wp-block-heading\">Anbieterkennung nach \u00a7 5 TMG<\/h3>\n\n\n\n<p>BRK-Kreisverband Dingolfing-Landau<br>Krankenhausstr. 6<br>84130 Dingolfing<br>Tel.:08731 &#8211; 3141 0<br>Fax:08731 &#8211; 5467<\/p>\n\n\n\n<p><a href=\"https:\/\/rettungshundestaffel-dingolfing.de\/?page_id=167\">Kontakt<\/a><\/p>\n\n\n\n<p>Vertretungsberechtigte<\/p>\n\n\n\n<p><strong>Bayerisches Rotes Kreuz<\/strong><br>K\u00f6rperschaft des \u00f6ffentlichen Rechts<\/p>\n\n\n\n<p>vertreten durch das Pr\u00e4sidium<\/p>\n\n\n\n<p>Garmischer Stra\u00dfe 19-21<br>81373 M\u00fcnchen<\/p>\n\n\n\n<p><strong>Pr\u00e4sidentin:<\/strong>&nbsp;Angelika Schorer, MdL<br><strong>Landesgesch\u00e4ftsf\u00fchrer:<\/strong>&nbsp;Dr. Elke Frank<\/p>\n\n\n\n<p><strong>Telefon:<\/strong>&nbsp;(0 89) 92 41 &#8211; 0<br><strong>Fax:<\/strong>&nbsp;(0 89) 92 41 &#8211; 12 00<br><strong>E-Mail:<\/strong>&nbsp;<a href=\"https:\/\/www.kvdeggendorf.brk.de\/\" target=\"_blank\" rel=\"noreferrer noopener\">info(at)brk.de<\/a><br><strong>Internet:&nbsp;<\/strong><a href=\"https:\/\/brk.de\/\" target=\"_blank\" rel=\"noreferrer noopener\">https:\/\/brk.de<\/a><\/p>\n\n\n\n<p><strong>USt-Id.-Nr.:<\/strong>&nbsp;DE129523533<\/p>\n\n\n\n<p>Internet-Redaktion<\/p>\n\n\n\n<p>AG Internet des BRK KV Dingolfing-Landau<br><a href=\"https:\/\/www.kvdingolfing.brk.de\/mail-formulare\/kontaktformular-kreisverband.html\">Kontakt<\/a><\/p>\n\n\n\n<h2 class=\"wp-block-heading\">Haftungsausschluss<\/h2>\n\n\n\n<h3 class=\"wp-block-heading\">1. Inhalt der Seiten<\/h3>\n\n\n\n<p>Der BRK-Kreisverband Dingolfing-Landau \u00fcbernimmt keinerlei Gew\u00e4hr f\u00fcr die Aktualit\u00e4t, Korrektheit, Vollst\u00e4ndigkeit oder Qualit\u00e4t der bereitgestellten Inhalte. Haftungsanspr\u00fcche gegen den BRK-Kreisverband Dingolfing-Landau welche sich auf Sch\u00e4den materieller oder ideeller Art beziehen, die durch die Nutzung oder Nichtnutzung der dargebotenen Informationen bzw. durch die Nutzung fehlerhafter und unvollst\u00e4ndiger Informationen verursacht wurden, sind grunds\u00e4tzlich ausgeschlossen, sofern seitens des&nbsp;BRK Kreisverbandes Dingolfing-Landau&nbsp;kein nachweislich vors\u00e4tzliches oder grob fahrl\u00e4ssiges Verschulden vorliegt.<\/p>\n\n\n\n<h3 class=\"wp-block-heading\">2. Verweise und Links<\/h3>\n\n\n\n<p>Die Verantwortlichkeit des Diensteanbieters beschr\u00e4nkt sich gem\u00e4\u00df \u00a7 7 Abs. 1 TMG ausschlie\u00dflich auf die vom Diensteanbieter bereitgehaltenen eigenen Inhalte. Dar\u00fcber hinaus enth\u00e4lt die Website auch entsprechend gekennzeichnete Verweise oder Links auf Websites Dritter. Auf die aktuelle und zuk\u00fcnftige Gestaltung, die Inhalte oder die Urheberschaft der verlinkten\/verkn\u00fcpften Seiten hat der BRK-Kreisverband&nbsp;Dingolfing-Landau keinerlei Einfluss. F\u00fcr den Inhalt der Seite ist allein der jeweilige Anbieter der Seite verantwortlich, weshalb der BRK-Kreisverband Dingolfing-Landau diesbez\u00fcglich keine Gew\u00e4hr \u00fcbernimmt.<\/p>\n\n\n\n<p>Der BRK-Kreisverband Dingolfing-Landau erkl\u00e4rt hiermit ausdr\u00fccklich, dass zum Zeitpunkt der Linksetzung keine illegalen Inhalte auf den zu verlinkenden Seiten erkennbar waren. Eine permanente inhaltliche Kontrolle der verlinkten Seiten ohne konkrete Anhaltspunkte einer Rechtsverletzung ist jedoch nicht zumutbar. Bei Bekanntwerden von Rechtsverletzungen werden derartige Links umgehend entfernt.<\/p>\n\n\n\n<h3 class=\"wp-block-heading\">3. Urheber- und Kennzeichenrecht<\/h3>\n\n\n\n<p>Der BRK-Kreisverband Dingolfing-Landau ist bestrebt, in allen Publikationen die Urheberrechte der verwendeten Bilder, Grafiken, Tondokumente, Videosequenzen und Texte zu beachten, von ihm selbst erstellte Bilder, Grafiken, Tondokumente, Videosequenzen und Texte zu nutzen oder auf lizenzfreie Grafiken, Tondokumente, Videosequenzen und Texte zur\u00fcckzugreifen.<\/p>\n\n\n\n<p>Alle innerhalb des Internetangebotes genannten und ggf. durch Dritte gesch\u00fctzten Marken- und Warenzeichen unterliegen uneingeschr\u00e4nkt den Bestimmungen des jeweils g\u00fcltigen Kennzeichenrechts und den Besitzrechten der jeweiligen eingetragenen Eigent\u00fcmer. Allein aufgrund der blo\u00dfen Nennung ist nicht der Schluss zu ziehen, dass Markenzeichen nicht durch Rechte Dritter gesch\u00fctzt sind!<\/p>\n\n\n\n<p>Das Copyright f\u00fcr ver\u00f6ffentlichte, vom BRK-Kreisverband Dingolfing-Landau selbst erstellte Objekte bleibt allein beim Autor der Seiten. Eine Vervielf\u00e4ltigung, Bearbeitung, Verbreitung und jede Art der Verwertung au\u00dferhalb der Grenzen des Urheberrechts solcher Grafiken, Tondokumente, Videosequenzen und Texte in anderen elektronischen oder gedruckten Publikationen bed\u00fcrfen der schriftlichen Zustimmung des Autors. Downloads und Kopien sind nur f\u00fcr den privaten, nicht aber den kommerziellen Gebrauch gestattet.<\/p>\n\n\n\n<h3 class=\"wp-block-heading\">4. Datenschutz<\/h3>\n\n\n\n<p>Sofern innerhalb der Website die M\u00f6glichkeit zur Eingabe pers\u00f6nlicher oder gesch\u00e4ftlicher Daten (Mailadressen, Namen, Anschriften) besteht, so erfolgt die Preisgabe dieser Daten seitens des Nutzers auf ausdr\u00fccklich freiwilliger Basis. Die Inanspruchnahme und ggf. Bezahlung aller angebotenen Dienste ist &#8211; soweit technisch m\u00f6glich und zumutbar &#8211; auch ohne Angabe solcher Daten bzw. unter Angabe anonymisierter Daten oder eines Pseudonyms gestattet. Eine Weiterleitung an Dritte erfolgt nicht ohne ausdr\u00fcckliche Zustimmung des Users.<\/p>\n\n\n\n<p>Die Nutzung der im Rahmen des Impressums oder vergleichbarer Angaben ver\u00f6ffentlichten Kontaktdaten wie Postanschriften, Telefon- und Faxnummern sowie Emailadressen durch Dritte zur \u00dcbersendung von nicht ausdr\u00fccklich angeforderten Informationen ist nicht gestattet. Rechtliche Schritte gegen die Versender von sogenannten Spam-Mails bei Verst\u00f6\u00dfen gegen dieses Verbot sind ausdr\u00fccklich vorbehalten.<\/p>\n\n\n\n<h3 class=\"wp-block-heading\">5. Rechtswirksamkeit dieses Haftungsausschlusses<\/h3>\n\n\n\n<p>Dieser Haftungsausschluss ist als Teil des Informationsangebotes zu betrachten, von dem aus auf diese Seite verwiesen wurde. Sofern Teile oder einzelne Formulierungen dieses Textes der geltenden Rechtslage nicht, nicht mehr oder nicht vollst\u00e4ndig entsprechen sollten, bleiben die \u00fcbrigen Teile des Dokumentes in ihrem Inhalt und ihrer G\u00fcltigkeit davon unber\u00fchrt.<\/p>\n\n\n\n<h3 class=\"wp-block-heading\">6. Hinweis auf EU-Streitschlichtung<\/h3>\n\n\n\n<p>Die Europ\u00e4ische Kommission stellt eine Plattform zur Online-Streitbeilegung (OS) bereit:&nbsp;<a href=\"http:\/\/ec.europa.eu\/consumers\/odr\/\" target=\"_blank\" rel=\"noreferrer noopener\">ec.europa.eu\/consumers\/odr\/<\/a>&nbsp;<br><br><strong>Hinweis<\/strong>: Dieser Link f\u00fchrt auf die Seite eines anderen Anbieters und Sie verlassen unsere Webseite.<br><br>Unsere E-Mail-Adresse finden Sie oben im Impressum<\/p>\n\n\n\n<p>Hinweis auf Verbraucherstreitbeilegung gem\u00e4\u00df VSBG<br>BRK-Kreisverband Dingolfing-Landau nimmt nicht an Streitbeilegungsverfahren vor einer Streitbeilegungsstelle teil.<\/p>\n","protected":false},"excerpt":{"rendered":"<p>Anbieterkennung nach \u00a7 5 TMG BRK-Kreisverband Dingolfing-LandauKrankenhausstr. 684130 DingolfingTel.:08731 &#8211; 3141 0Fax:08731 &#8211; 5467 Kontakt Vertretungsberechtigte Bayerisches Rotes KreuzK\u00f6rperschaft des \u00f6ffentlichen Rechts vertreten durch das Pr\u00e4sidium Garmischer Stra\u00dfe 19-2181373 M\u00fcnchen Pr\u00e4sidentin:&nbsp;Angelika Schorer, MdLLandesgesch\u00e4ftsf\u00fchrer:&nbsp;Dr. Elke Frank Telefon:&nbsp;(0 89) 92 41 &#8211; 0Fax:&nbsp;(0 89) 92 41 &#8211; 12 00E-Mail:&nbsp;info(at)brk.deInternet:&nbsp;https:\/\/brk.de USt-Id.-Nr.:&nbsp;DE129523533 Internet-Redaktion AG Internet des BRK KV Dingolfing-LandauKontakt [&hellip;]<\/p>\n","protected":false},"author":1,"featured_media":0,"parent":0,"menu_order":0,"comment_status":"closed","ping_status":"closed","template":"","meta":{"footnotes":""},"class_list":["post-287","page","type-page","status-publish","hentry"],"_links":{"self":[{"href":"https:\/\/rettungshundestaffel-dingolfing.de\/index.php?rest_route=\/wp\/v2\/pages\/287","targetHints":{"allow":["GET"]}}],"collection":[{"href":"https:\/\/rettungshundestaffel-dingolfing.de\/index.php?rest_route=\/wp\/v2\/pages"}],"about":[{"href":"https:\/\/rettungshundestaffel-dingolfing.de\/index.php?rest_route=\/wp\/v2\/types\/page"}],"author":[{"embeddable":true,"href":"https:\/\/rettungshundestaffel-dingolfing.de\/index.php?rest_route=\/wp\/v2\/users\/1"}],"replies":[{"embeddable":true,"href":"https:\/\/rettungshundestaffel-dingolfing.de\/index.php?rest_route=%2Fwp%2Fv2%2Fcomments&post=287"}],"version-history":[{"count":2,"href":"https:\/\/rettungshundestaffel-dingolfing.de\/index.php?rest_route=\/wp\/v2\/pages\/287\/revisions"}],"predecessor-version":[{"id":290,"href":"https:\/\/rettungshundestaffel-dingolfing.de\/index.php?rest_route=\/wp\/v2\/pages\/287\/revisions\/290"}],"wp:attachment":[{"href":"https:\/\/rettungshundestaffel-dingolfing.de\/index.php?rest_route=%2Fwp%2Fv2%2Fmedia&parent=287"}],"curies":[{"name":"wp","href":"https:\/\/api.w.org\/{rel}","templated":true}]}}