{"id":106,"date":"2022-02-05T15:05:34","date_gmt":"2022-02-05T15:05:34","guid":{"rendered":"https:\/\/rettungshundestaffel-dingolfing.de\/?page_id=106"},"modified":"2025-01-18T10:10:53","modified_gmt":"2025-01-18T10:10:53","slug":"ausbildungsinhalte","status":"publish","type":"page","link":"https:\/\/rettungshundestaffel-dingolfing.de\/?page_id=106","title":{"rendered":"Ausbildungsinhalte"},"content":{"rendered":"\n<p><strong>Ausbildungsinhalte<\/strong><\/p>\n\n\n\n<div class=\"wp-block-columns is-layout-flex wp-container-core-columns-is-layout-28f84493 wp-block-columns-is-layout-flex\">\n<div class=\"wp-block-column is-layout-flow wp-block-column-is-layout-flow\">\n<figure class=\"wp-block-image size-full\"><img loading=\"lazy\" decoding=\"async\" width=\"720\" height=\"480\" src=\"https:\/\/rettungshundestaffel-dingolfing.de\/wp-content\/uploads\/2025\/01\/Karte-Kompass-edited-2.jpg\" alt=\"\" class=\"wp-image-617\" srcset=\"https:\/\/rettungshundestaffel-dingolfing.de\/wp-content\/uploads\/2025\/01\/Karte-Kompass-edited-2.jpg 720w, https:\/\/rettungshundestaffel-dingolfing.de\/wp-content\/uploads\/2025\/01\/Karte-Kompass-edited-2-300x200.jpg 300w\" sizes=\"auto, (max-width: 720px) 100vw, 720px\" \/><\/figure>\n<\/div>\n\n\n\n<div class=\"wp-block-column is-layout-flow wp-block-column-is-layout-flow\">\n<figure class=\"wp-block-image size-large is-resized\"><img loading=\"lazy\" decoding=\"async\" width=\"1200\" height=\"900\" src=\"https:\/\/rettungshundestaffel-dingolfing.de\/wp-content\/uploads\/2025\/01\/IMG-20240325-WA0002-edited-1.jpg\" alt=\"\" class=\"wp-image-609\" style=\"width:183px;height:auto\" srcset=\"https:\/\/rettungshundestaffel-dingolfing.de\/wp-content\/uploads\/2025\/01\/IMG-20240325-WA0002-edited-1.jpg 1200w, https:\/\/rettungshundestaffel-dingolfing.de\/wp-content\/uploads\/2025\/01\/IMG-20240325-WA0002-edited-1-300x225.jpg 300w, https:\/\/rettungshundestaffel-dingolfing.de\/wp-content\/uploads\/2025\/01\/IMG-20240325-WA0002-edited-1-1024x768.jpg 1024w, https:\/\/rettungshundestaffel-dingolfing.de\/wp-content\/uploads\/2025\/01\/IMG-20240325-WA0002-edited-1-768x576.jpg 768w\" sizes=\"auto, (max-width: 1200px) 100vw, 1200px\" \/><\/figure>\n<\/div>\n\n\n\n<div class=\"wp-block-column is-layout-flow wp-block-column-is-layout-flow\">\n<figure class=\"wp-block-image size-large\"><img loading=\"lazy\" decoding=\"async\" width=\"1024\" height=\"683\" src=\"https:\/\/rettungshundestaffel-dingolfing.de\/wp-content\/uploads\/2022\/02\/DSC02019-1024x683.jpg\" alt=\"\" class=\"wp-image-107\" srcset=\"https:\/\/rettungshundestaffel-dingolfing.de\/wp-content\/uploads\/2022\/02\/DSC02019-1024x683.jpg 1024w, https:\/\/rettungshundestaffel-dingolfing.de\/wp-content\/uploads\/2022\/02\/DSC02019-300x200.jpg 300w, https:\/\/rettungshundestaffel-dingolfing.de\/wp-content\/uploads\/2022\/02\/DSC02019-768x512.jpg 768w, https:\/\/rettungshundestaffel-dingolfing.de\/wp-content\/uploads\/2022\/02\/DSC02019-1536x1024.jpg 1536w\" sizes=\"auto, (max-width: 1024px) 100vw, 1024px\" \/><\/figure>\n<\/div>\n<\/div>\n\n\n\n<p class=\"has-text-color has-extra-small-font-size\" style=\"color:#000000\">Zus\u00e4tzlich zum Training, mit dem Hund, muss der Hundef\u00fchrer die Rot Kreuz Grundausbildung, die San-Ausbildung sowie den Fachlehrgang Rettungshundearbeit abschlie\u00dfen.<\/p>\n\n\n\n<p>Hierbei werden Kenntnisse in den Bereichen Erste Hilfe Mensch, Erste Hilfe Hund, Orientierung mit Karte\/Kompass, Einsatztaktik (Fl\u00e4che, Mantrailing, Tr\u00fcmmer), rechtliche Vorschriften, Information\/ Kommunikation vermittelt. Nach Abschluss der Ausbildung unterst\u00fctzt man die gepr\u00fcften Hundef\u00fchrer als Helfer im Einsatz.<\/p>\n\n\n\n<p>Anhand des Moduls Verhalten und Grundfertigkeiten wird gepr\u00fcft, ob die weitere Ausbildung zum Rettungshund absolviert werden kann.<\/p>\n\n\n\n<p>Zur Ausbildung, f\u00fcr den Hund, geh\u00f6ren folgende Bestandteile:<\/p>\n\n\n\n<div class=\"wp-block-columns is-layout-flex wp-container-core-columns-is-layout-28f84493 wp-block-columns-is-layout-flex\">\n<div class=\"wp-block-column is-layout-flow wp-block-column-is-layout-flow\" style=\"flex-basis:33.33%\">\n<figure class=\"wp-block-image size-full\"><img loading=\"lazy\" decoding=\"async\" width=\"2560\" height=\"1920\" src=\"https:\/\/rettungshundestaffel-dingolfing.de\/wp-content\/uploads\/2022\/02\/20210423_165431-scaled.jpg\" alt=\"\" class=\"wp-image-114\" srcset=\"https:\/\/rettungshundestaffel-dingolfing.de\/wp-content\/uploads\/2022\/02\/20210423_165431-scaled.jpg 2560w, https:\/\/rettungshundestaffel-dingolfing.de\/wp-content\/uploads\/2022\/02\/20210423_165431-300x225.jpg 300w, https:\/\/rettungshundestaffel-dingolfing.de\/wp-content\/uploads\/2022\/02\/20210423_165431-1024x768.jpg 1024w, https:\/\/rettungshundestaffel-dingolfing.de\/wp-content\/uploads\/2022\/02\/20210423_165431-768x576.jpg 768w, https:\/\/rettungshundestaffel-dingolfing.de\/wp-content\/uploads\/2022\/02\/20210423_165431-1536x1152.jpg 1536w, https:\/\/rettungshundestaffel-dingolfing.de\/wp-content\/uploads\/2022\/02\/20210423_165431-2048x1536.jpg 2048w, https:\/\/rettungshundestaffel-dingolfing.de\/wp-content\/uploads\/2022\/02\/20210423_165431-1200x900.jpg 1200w, https:\/\/rettungshundestaffel-dingolfing.de\/wp-content\/uploads\/2022\/02\/20210423_165431-1980x1485.jpg 1980w\" sizes=\"auto, (max-width: 2560px) 100vw, 2560px\" \/><\/figure>\n<\/div>\n\n\n\n<div class=\"wp-block-column is-layout-flow wp-block-column-is-layout-flow\" style=\"flex-basis:66.66%\">\n<ul class=\"wp-block-list\">\n<li>Konzentrations- und Teamarbeit<\/li>\n\n\n\n<li>Unterordnung (spartenabh\u00e4ngig)<\/li>\n\n\n\n<li>Ger\u00e4tearbeit<\/li>\n\n\n\n<li>Bindung zum Menschen<\/li>\n\n\n\n<li>Anzeigearbeit und Sucharbeit<\/li>\n<\/ul>\n<\/div>\n<\/div>\n\n\n\n<p>Nachdem die Grundausbildung abgeschlossen ist, stehen die Spartenbezogenen Pr\u00fcfungen statt.<\/p>\n\n\n\n<p><\/p>\n","protected":false},"excerpt":{"rendered":"<p>Ausbildungsinhalte Zus\u00e4tzlich zum Training, mit dem Hund, muss der Hundef\u00fchrer die Rot Kreuz Grundausbildung, die San-Ausbildung sowie den Fachlehrgang Rettungshundearbeit abschlie\u00dfen. Hierbei werden Kenntnisse in den Bereichen Erste Hilfe Mensch, Erste Hilfe Hund, Orientierung mit Karte\/Kompass, Einsatztaktik (Fl\u00e4che, Mantrailing, Tr\u00fcmmer), rechtliche Vorschriften, Information\/ Kommunikation vermittelt. Nach Abschluss der Ausbildung unterst\u00fctzt man die gepr\u00fcften Hundef\u00fchrer als [&hellip;]<\/p>\n","protected":false},"author":1,"featured_media":0,"parent":0,"menu_order":0,"comment_status":"closed","ping_status":"closed","template":"","meta":{"footnotes":""},"class_list":["post-106","page","type-page","status-publish","hentry"],"_links":{"self":[{"href":"https:\/\/rettungshundestaffel-dingolfing.de\/index.php?rest_route=\/wp\/v2\/pages\/106","targetHints":{"allow":["GET"]}}],"collection":[{"href":"https:\/\/rettungshundestaffel-dingolfing.de\/index.php?rest_route=\/wp\/v2\/pages"}],"about":[{"href":"https:\/\/rettungshundestaffel-dingolfing.de\/index.php?rest_route=\/wp\/v2\/types\/page"}],"author":[{"embeddable":true,"href":"https:\/\/rettungshundestaffel-dingolfing.de\/index.php?rest_route=\/wp\/v2\/users\/1"}],"replies":[{"embeddable":true,"href":"https:\/\/rettungshundestaffel-dingolfing.de\/index.php?rest_route=%2Fwp%2Fv2%2Fcomments&post=106"}],"version-history":[{"count":16,"href":"https:\/\/rettungshundestaffel-dingolfing.de\/index.php?rest_route=\/wp\/v2\/pages\/106\/revisions"}],"predecessor-version":[{"id":619,"href":"https:\/\/rettungshundestaffel-dingolfing.de\/index.php?rest_route=\/wp\/v2\/pages\/106\/revisions\/619"}],"wp:attachment":[{"href":"https:\/\/rettungshundestaffel-dingolfing.de\/index.php?rest_route=%2Fwp%2Fv2%2Fmedia&parent=106"}],"curies":[{"name":"wp","href":"https:\/\/api.w.org\/{rel}","templated":true}]}}